{"id":6,"date":"2014-05-26T10:51:59","date_gmt":"2014-05-26T08:51:59","guid":{"rendered":"https:\/\/kinderoutdoor.de\/ktt\/?page_id=6"},"modified":"2022-02-21T22:46:35","modified_gmt":"2022-02-21T20:46:35","slug":"about","status":"publish","type":"page","link":"https:\/\/kinderoutdoor.de\/ktt\/about\/","title":{"rendered":"Kindertrage mieten &#8211; und es gibt keinen Grund, nicht zum Wandern zu gehen!"},"content":{"rendered":"\n<p>Manche Kindertrage erleidet ein b\u00f6ses Schicksal! Sie liegt irgendwo im Keller, auf dem Dachboden oder der Garage herum. Eigentlich unglaublich, denn eine neue hochwertige Kindertrage von einer renommierten Marke kostet \u00fcber 200 Euro. In den meisten F\u00e4llen kommt sie zwei, drei Mal im Jahr zum Einsatz. Schade um das Geld und schade um die Kindertrage.<\/p>\n\n\n\n<h2 class=\"wp-block-heading\" id=\"uber-uns\">\u00dcber uns<\/h2>\n\n\n\n<p>Mit unserem Verleih von hochwertigen Marken-Kindertragen schonen wir die Ressourcen und bieten euch preiswert Kindertragen an. Ihr spart euch Geld und Platz. Wichtig sind mir drei Punkte:<\/p>\n\n\n\n<ul class=\"wp-block-list\"><li>Hochwertige Kindertragen<\/li><li>Unkomplizierter Verleih<\/li><li>Preiswert<\/li><\/ul>\n\n\n\n<p>Im Mietpreis sind ein Paar hochwertige Trekkingst\u00f6cke dabei, aber keine versteckten Kosten. Die Trekkingst\u00f6cke geben euch zus\u00e4tzlich Sicherheit. Schlie\u00dflich sitzt das Wertvollste, was ihr habt, in der Kindertrage &#8230;<\/p>\n\n\n\n<div class=\"wp-block-image is-style-default\"><figure class=\"aligncenter size-full\"><a href=\"https:\/\/kinderoutdoor.de\/ktt\/wp-content\/uploads\/2014\/05\/DSC01024.jpg\"><img loading=\"lazy\" decoding=\"async\" width=\"640\" height=\"426\" src=\"https:\/\/kinderoutdoor.de\/ktt\/wp-content\/uploads\/2014\/05\/DSC01024.jpg\" alt=\"Kindertrage mieten - \u00fcber uns\" class=\"wp-image-82\" srcset=\"https:\/\/kinderoutdoor.de\/ktt\/wp-content\/uploads\/2014\/05\/DSC01024.jpg 640w, https:\/\/kinderoutdoor.de\/ktt\/wp-content\/uploads\/2014\/05\/DSC01024-501x333.jpg 501w, https:\/\/kinderoutdoor.de\/ktt\/wp-content\/uploads\/2014\/05\/DSC01024-300x199.jpg 300w, https:\/\/kinderoutdoor.de\/ktt\/wp-content\/uploads\/2014\/05\/DSC01024-600x399.jpg 600w\" sizes=\"auto, (max-width: 640px) 100vw, 640px\" \/><\/a><figcaption>F\u00fcr euch mit der Kindertrage unterwegs.  Foto: Kinderoutdoor.de<\/figcaption><\/figure><\/div>\n\n\n\n<p>Seit Jahren bin ich oft mit einer Kindertrage unterwegs, weil ich als freier Redakteur auf Bergsport spezialisiert bin. Ich schreibe f\u00fcr den <a href=\"http:\/\/www.bergsteiger.de\">Bergsteiger<\/a>, <a href=\"http:\/\/www.nordicsports.de\/\">nordic sports<\/a>, <a href=\"http:\/\/www.skimagazin.de\">Ski Magazin<\/a>, Ski Exklusiv, <a href=\"http:\/\/www.sport-fachhandel.com\/\">SportFachhandel<\/a> und weitere Magazine. Au\u00dferdem betreibe ich das f\u00fchrende Portal f\u00fcr alle, die gerne mit den Kleinen drau\u00dfen unterwegs sind: <a href=\"http:\/\/www.kinderoutdoor.de\">Kinderoutdoor.de <\/a>Auch sind von mir Wanderb\u00fccher im J.-Berg-Verlag erschienen.<\/p>\n\n\n\n<p>Ich w\u00fcnsche Euch viel Spa\u00df mit den Kindertragen beim Kindertragen. ;-))<\/p>\n\n\n\n<p>Herzlichst<\/p>\n\n\n\n<p>Euer Uli<\/p>\n","protected":false},"excerpt":{"rendered":"<p>Manche Kindertrage erleidet ein b\u00f6ses Schicksal! Sie liegt irgendwo im Keller, auf dem Dachboden oder der Garage herum. Eigentlich unglaublich, denn eine neue hochwertige Kindertrage von einer renommierten Marke kostet \u00fcber 200 Euro. In den meisten F\u00e4llen kommt sie zwei, drei Mal im Jahr zum Einsatz. Schade um das Geld und schade um die Kindertrage. [&hellip;]<\/p>\n","protected":false},"author":1,"featured_media":1419,"parent":0,"menu_order":0,"comment_status":"open","ping_status":"open","template":"","meta":{"footnotes":""},"class_list":["post-6","page","type-page","status-publish","has-post-thumbnail","hentry"],"_links":{"self":[{"href":"https:\/\/kinderoutdoor.de\/ktt\/wp-json\/wp\/v2\/pages\/6","targetHints":{"allow":["GET"]}}],"collection":[{"href":"https:\/\/kinderoutdoor.de\/ktt\/wp-json\/wp\/v2\/pages"}],"about":[{"href":"https:\/\/kinderoutdoor.de\/ktt\/wp-json\/wp\/v2\/types\/page"}],"author":[{"embeddable":true,"href":"https:\/\/kinderoutdoor.de\/ktt\/wp-json\/wp\/v2\/users\/1"}],"replies":[{"embeddable":true,"href":"https:\/\/kinderoutdoor.de\/ktt\/wp-json\/wp\/v2\/comments?post=6"}],"version-history":[{"count":9,"href":"https:\/\/kinderoutdoor.de\/ktt\/wp-json\/wp\/v2\/pages\/6\/revisions"}],"predecessor-version":[{"id":1466,"href":"https:\/\/kinderoutdoor.de\/ktt\/wp-json\/wp\/v2\/pages\/6\/revisions\/1466"}],"wp:featuredmedia":[{"embeddable":true,"href":"https:\/\/kinderoutdoor.de\/ktt\/wp-json\/wp\/v2\/media\/1419"}],"wp:attachment":[{"href":"https:\/\/kinderoutdoor.de\/ktt\/wp-json\/wp\/v2\/media?parent=6"}],"curies":[{"name":"wp","href":"https:\/\/api.w.org\/{rel}","templated":true}]}}