{"id":10,"date":"2014-05-26T10:52:23","date_gmt":"2014-05-26T08:52:23","guid":{"rendered":"https:\/\/kinderoutdoor.de\/ktt\/?page_id=10"},"modified":"2017-02-02T10:05:39","modified_gmt":"2017-02-02T08:05:39","slug":"impressum","status":"publish","type":"page","link":"https:\/\/kinderoutdoor.de\/ktt\/impressum\/","title":{"rendered":"Impressum"},"content":{"rendered":"<p>Angaben gem\u00e4\u00df \u00a7 5 TMG:<\/p>\n<p>Ulrich Wittmann<\/p>\n<p>Kinderoutdoor<\/p>\n<p>Eberhardtstr. 26 \/ 4<\/p>\n<p>89073 Ulm<\/p>\n<h2>Kontakt:<\/h2>\n<p>Telefon: <a href=\"https:\/\/kinderoutdoor.de\/ktt\/wp-content\/uploads\/2014\/05\/kinderoutdoor-tel-kontakt.png\"><img loading=\"lazy\" decoding=\"async\" class=\"alignnone size-full wp-image-13\" src=\"https:\/\/kinderoutdoor.de\/ktt\/wp-content\/uploads\/2014\/05\/kinderoutdoor-tel-kontakt.png\" alt=\"kinderoutdoor-tel-kontakt\" width=\"150\" height=\"19\" \/><\/a><br \/>\nE-Mail:<a href=\"https:\/\/kinderoutdoor.de\/ktt\/wp-content\/uploads\/2014\/05\/kinderoutdoor-email-kontakt.png\"><img loading=\"lazy\" decoding=\"async\" class=\"alignnone size-full wp-image-15\" src=\"https:\/\/kinderoutdoor.de\/ktt\/wp-content\/uploads\/2014\/05\/kinderoutdoor-email-kontakt.png\" alt=\"kinderoutdoor-email-kontakt\" width=\"150\" height=\"20\" \/><\/a><\/p>\n<h2>Umsatzsteuer-ID:<\/h2>\n<p>Umsatzsteuer-Identifikationsnummer gem\u00e4\u00df \u00a727 a Umsatzsteuergesetz:<\/p>\n<p>DE 215332941<\/p>\n<h2>Verantwortlich f\u00fcr den Inhalt nach \u00a7 55 Abs. 2 RStV:<\/h2>\n<p>Ulrich Wittmann, Eberhardtstr. 26\/4, 89073 Ulm<\/p>\n<p>Quelle: <em>Erstellt mit dem <a href=\"http:\/\/www.e-recht24.de\/impressum-generator.html\" target=\"_blank\">Impressum-Generator Einzelunternehmer<\/a> von eRecht24.<\/em><\/p>\n<h2>Haftungsausschluss:<\/h2>\n<p style=\"text-align: justify;\"><strong>Haftung f\u00fcr Inhalte<\/strong><\/p>\n<p style=\"text-align: justify;\">Die Inhalte unserer Seiten wurden mit gr\u00f6\u00dfter Sorgfalt erstellt. F\u00fcr die Richtigkeit, Vollst\u00e4ndigkeit und Aktualit\u00e4t der Inhalte k\u00f6nnen wir jedoch keine Gew\u00e4hr \u00fcbernehmen. Als Diensteanbieter sind wir gem\u00e4\u00df \u00a7 7 Abs.1 TMG f\u00fcr eigene Inhalte auf diesen Seiten nach den allgemeinen Gesetzen verantwortlich. Nach \u00a7\u00a7 8 bis 10 TMG sind wir als Diensteanbieter jedoch nicht verpflichtet, \u00fcbermittelte oder gespeicherte fremde Informationen zu \u00fcberwachen oder nach Umst\u00e4nden zu forschen, die auf eine rechtswidrige T\u00e4tigkeit hinweisen. Verpflichtungen zur Entfernung oder Sperrung der Nutzung von Informationen nach den allgemeinen Gesetzen bleiben hiervon unber\u00fchrt. Eine diesbez\u00fcgliche Haftung ist jedoch erst ab dem Zeitpunkt der Kenntnis einer konkreten Rechtsverletzung m\u00f6glich. Bei Bekanntwerden von entsprechenden\u00a0 Rechtsverletzungen werden wir diese Inhalte umgehend entfernen.<\/p>\n<p style=\"text-align: justify;\"><strong>Haftung f\u00fcr Links<\/strong><\/p>\n<p style=\"text-align: justify;\">Unser Angebot enth\u00e4lt Links zu externen Webseiten Dritter, auf deren Inhalte wir keinen Einfluss haben. Deshalb k\u00f6nnen wir f\u00fcr diese fremden Inhalte auch keine Gew\u00e4hr \u00fcbernehmen. F\u00fcr die Inhalte der verlinkten Seiten ist stets der jeweilige Anbieter oder Betreiber der Seiten verantwortlich. Die verlinkten Seiten wurden zum Zeitpunkt der Verlinkung auf m\u00f6gliche Rechtsverst\u00f6\u00dfe \u00fcberpr\u00fcft. Rechtswidrige Inhalte waren zum Zeitpunkt der Verlinkung nicht erkennbar. Eine permanente inhaltliche Kontrolle der verlinkten Seiten ist jedoch ohne konkrete\u00a0 Anhaltspunkte einer Rechtsverletzung nicht zumutbar. Bei Bekanntwerden von Rechtsverletzungen werden wir derartige Links umgehend entfernen.<\/p>\n<p style=\"text-align: justify;\"><strong>Urheberrecht<\/strong><\/p>\n<p style=\"text-align: justify;\">Die durch die Seitenbetreiber erstellten Inhalte und Werke auf diesen Seiten unterliegen dem deutschen Urheberrecht. Die Vervielf\u00e4ltigung, Bearbeitung, Verbreitung und jede Art der Verwertung au\u00dferhalb der Grenzen des Urheberrechtes bed\u00fcrfen der schriftlichen Zustimmung des jeweiligen Autors bzw. Erstellers. Downloads und Kopien dieser Seite sind nur f\u00fcr den privaten, nicht kommerziellen Gebrauch gestattet. Soweit die Inhalte auf dieser Seite nicht vom Betreiber erstellt wurden, werden die Urheberrechte Dritter beachtet. Insbesondere werden Inhalte Dritter als solche gekennzeichnet. Sollten Sie trotzdem auf eine Urheberrechtsverletzung aufmerksam werden, bitten wir um einen entsprechenden Hinweis. Bei Bekanntwerden von Rechtsverletzungen werden wir derartige Inhalte umgehend entfernen.<\/p>\n<p style=\"text-align: justify;\"><strong>Datenschutz<\/strong><\/p>\n<p style=\"text-align: justify;\">Die Nutzung unserer Webseite ist in der Regel ohne Angabe personenbezogener Daten m\u00f6glich. Soweit auf unseren Seiten personenbezogene Daten (beispielsweise Name, Anschrift oder eMail-Adressen) erhoben werden, erfolgt dies, soweit m\u00f6glich, stets auf freiwilliger Basis. Diese Daten werden ohne Ihre ausdr\u00fcckliche Zustimmung nicht an Dritte weitergegeben. Wir weisen darauf hin, dass die Daten\u00fcbertragung im Internet (z.B. bei der Kommunikation per E-Mail) Sicherheitsl\u00fccken aufweisen kann. Ein l\u00fcckenloser Schutz der Daten vor dem Zugriff durch Dritte ist nicht m\u00f6glich.<\/p>\n<p style=\"text-align: justify;\">Der Nutzung von im Rahmen der Impressumspflicht ver\u00f6ffentlichten Kontaktdaten durch Dritte zur \u00dcbersendung von nicht ausdr\u00fccklich angeforderter Werbung und Informationsmaterialien wird hiermit ausdr\u00fccklich widersprochen. Die Betreiber der Seiten behalten sich ausdr\u00fccklich rechtliche Schritte im Falle der unverlangten Zusendung von Werbeinformationen, etwa durch Spam-Mails, vor.<\/p>\n<p style=\"text-align: justify;\"><strong>Datenschutzerkl\u00e4rung f\u00fcr die Nutzung von Facebook-Plugins<br \/>\n(Like-Button)<\/strong><\/p>\n<p style=\"text-align: justify;\">Auf unseren Seiten sind Plugins des sozialen Netzwerks Facebook, 1601 South California Avenue, Palo Alto, CA 94304, USA integriert. Die Facebook-Plugins erkennen Sie an dem Facebook-Logo oder dem &#8220;Like-Button&#8221; (&#8220;Gef\u00e4llt mir&#8221;) auf unserer Seite. Eine \u00dcbersicht \u00fcber die Facebook-Plugins finden Sie hier: <a href=\"http:\/\/developers.facebook.com\/docs\/plugins\/\" target=\"_blank\">http:\/\/developers.facebook.com\/docs\/plugins\/<\/a>.<\/p>\n<p style=\"text-align: justify;\">Wenn Sie unsere Seiten besuchen, wird \u00fcber das Plugin eine direkte Verbindung zwischen Ihrem Browser und dem Facebook-Server hergestellt. Facebook erh\u00e4lt dadurch die Information, dass Sie mit Ihrer IP-Adresse unsere Seite besucht haben. Wenn Sie den Facebook &#8220;Like-Button&#8221; anklicken w\u00e4hrend Sie in Ihrem Facebook-Account eingeloggt sind, k\u00f6nnen Sie die Inhalte unserer Seiten auf Ihrem Facebook-Profil verlinken. Dadurch kann Facebook den Besuch unserer Seiten Ihrem Benutzerkonto zuordnen. Wir weisen darauf hin, dass wir als Anbieter der Seiten keine Kenntnis vom Inhalt der \u00fcbermittelten Daten sowie deren Nutzung durch Facebook erhalten. Weitere Informationen hierzu finden Sie in der Datenschutzerkl\u00e4rung von facebook unter <a href=\"http:\/\/de-de.facebook.com\/policy.php\" target=\"_blank\">http:\/\/de-de.facebook.com\/policy.php<\/a> Wenn Sie nicht w\u00fcnschen, dass Facebook den Besuch unserer Seiten Ihrem Facebook-Nutzerkonto zuordnen kann, loggen Sie sich bitte aus Ihrem Facebook-Benutzerkonto aus.<\/p>\n<p style=\"text-align: justify;\"><strong>Datenschutzerkl\u00e4rung f\u00fcr die Nutzung von Google Analytics<\/strong><\/p>\n<p style=\"text-align: justify;\">Diese Website benutzt Google Analytics, einen Webanalysedienst der Google Inc. (&#8220;Google&#8221;). Google Analytics verwendet sog. &#8220;Cookies&#8221;, Textdateien, die auf Ihrem Computer gespeichert werden und die eine Analyse der Benutzung der Website durch Sie erm\u00f6glicht. Die durch den Cookie erzeugten Informationen \u00fcber Ihre Benutzung dieser Website (einschlie\u00dflich Ihrer IP-Adresse) wird an einen Server von Google in den USA \u00fcbertragen und dort gespeichert.<\/p>\n<p style=\"text-align: justify;\">Google wird diese Informationen benutzen, um Ihre Nutzung der Website auszuwerten, um Reports \u00fcber die Websiteaktivit\u00e4ten f\u00fcr die\u00a0 Websitebetreiber zusammenzustellen und um weitere mit der Websitenutzung und der Internetnutzung verbundene Dienstleistungen zu erbringen. Auch wird Google diese Informationen gegebenenfalls an Dritte \u00fcbertragen, sofern dies gesetzlich vorgeschrieben ist oder soweit Dritte diese Daten im Auftrag von Google verarbeiten. Google wird in keinem Fall Ihre IP-Adresse mit anderen Daten der Google Inc. in\u00a0 Verbindung bringen.<\/p>\n<p style=\"text-align: justify;\">Sie k\u00f6nnen die Speicherung der Cookies durch eine entsprechende Einstellung Ihrer Browser-Software verhindern; wir weisen Sie jedoch darauf hin, dass Sie in diesem Fall gegebenenfalls nicht s\u00e4mtliche Funktionen dieser Website vollumf\u00e4nglich werden nutzen k\u00f6nnen. Sie k\u00f6nnen dar\u00fcber hinaus die Erfassung der durch das Cookie erzeugten und auf Ihre Nutzung der Website bezogenen Daten (inkl. Ihrer IP-Adresse) an Google sowie die Verarbeitung dieser Daten durch Google verhindern, indem sie das unter dem folgenden Link verf\u00fcgbare Browser-Plugin herunterladen und installieren: <a href=\"http:\/\/tools.google.com\/dlpage\/gaoptout?hl=de\">http:\/\/tools.google.com\/dlpage\/gaoptout?hl=de<\/a>.<\/p>\n<p style=\"text-align: justify;\"><strong>Datenschutzerkl\u00e4rung f\u00fcr die Nutzung von Google +1<\/strong><\/p>\n<p style=\"text-align: justify;\"><em>Erfassung und Weitergabe von Informationen:<\/em><\/p>\n<p style=\"text-align: justify;\">Mithilfe der Google +1-Schaltfl\u00e4che k\u00f6nnen Sie Informationen weltweit ver\u00f6ffentlichen. \u00fcber die Google +1-Schaltfl\u00e4che erhalten Sie und andere Nutzer personalisierte Inhalte von Google und unseren Partnern. Google speichert sowohl die Information, dass Sie f\u00fcr einen Inhalt +1 gegeben<br \/>\nhaben, als auch Informationen \u00fcber die Seite, die Sie beim Klicken auf +1 angesehen haben. Ihre +1 k\u00f6nnen als Hinweise zusammen mit Ihrem<br \/>\nProfilnamen und Ihrem Foto in Google-Diensten, wie etwa in Suchergebnissen oder in Ihrem Google-Profil, oder an anderen Stellen auf Websites und Anzeigen im Internet eingeblendet werden.<\/p>\n<p style=\"text-align: justify;\">Google zeichnet Informationen \u00fcber Ihre +1-Aktivit\u00e4ten auf, um die Google-Dienste f\u00fcr Sie und andere zu verbessern. Um die Google +1-Schaltfl\u00e4che verwenden zu k\u00f6nnen, ben\u00f6tigen Sie ein weltweit sichtbares, \u00f6ffentliches Google-Profil, das zumindest den f\u00fcr das Profil gew\u00e4hlten Namen enthalten muss. Dieser Name wird in allen Google-Diensten verwendet. In manchen F\u00e4llen kann dieser Name auch einen anderen Namen ersetzen, den Sie beim Teilen von Inhalten \u00fcber Ihr Google-Konto verwendet haben. Die Identit\u00e4t Ihres Google-Profils kann Nutzern angezeigt werden, die Ihre E-Mail-Adresse kennen oder \u00fcber andere identifizierende Informationen von Ihnen verf\u00fcgen.<\/p>\n<p style=\"text-align: justify;\"><em>Verwendung der erfassten Informationen:<\/em><\/p>\n<p style=\"text-align: justify;\">Neben den oben erl\u00e4uterten Verwendungszwecken werden die von Ihnen bereitgestellten Informationen gem\u00e4\u00df den geltenden Google-Datenschutzbestimmungen genutzt. Google ver\u00f6ffentlicht m\u00f6glicherweise zusammengefasste Statistiken \u00fcber die +1-Aktivit\u00e4ten der Nutzer bzw. gibt diese an Nutzer und Partner weiter, wie etwa Publisher, Inserenten oder verbundene Websites.<\/p>\n<p style=\"text-align: justify;\"><strong>Datenschutzerkl\u00e4rung f\u00fcr die Nutzung von Twitter<\/strong><\/p>\n<p style=\"text-align: justify;\">Auf unseren Seiten sind Funktionen des Dienstes Twitter eingebunden. Diese Funktionen werden angeboten durch die Twitter Inc., 795 Folsom St., Suite 600, San Francisco, CA 94107, USA. Durch das Benutzen von Twitter und der Funktion &#8220;Re-Tweet&#8221; werden die von Ihnen\u00a0 besuchten Webseiten mit Ihrem Twitter-Account verkn\u00fcpft und anderen Nutzern bekannt gegeben. Dabei werden auch Daten an Twitter \u00fcbertragen.<\/p>\n<p style=\"text-align: justify;\">Wir weisen darauf hin, dass wir als Anbieter der Seiten keine Kenntnis vom Inhalt der \u00fcbermittelten Daten sowie deren Nutzung durch Twitter erhalten. Weitere Informationen hierzu finden Sie in der Datenschutzerkl\u00e4rung von Twitter unter <a href=\"http:\/\/twitter.com\/privacy\" target=\"_blank\">http:\/\/twitter.com\/privacy<\/a>.<\/p>\n<p style=\"text-align: justify;\">Ihre Datenschutzeinstellungen bei Twitter k\u00f6nnen Sie in den Konto-Einstellungen unter <a href=\"http:\/\/twitter.com\/account\/settings\" target=\"_blank\">http:\/\/twitter.com\/account\/settings<\/a> \u00e4ndern.<\/p>\n<p style=\"text-align: justify;\"><em>Quellenangaben: <a href=\"http:\/\/www.e-recht24.de\/muster-disclaimer.htm\" target=\"_blank\">eRecht24 Disclaimer<\/a>, <a href=\"http:\/\/www.e-recht24.de\/artikel\/datenschutz\/6590-facebook-like-button-datenschutz-disclaimer.html\" target=\"_blank\">Facebook Disclaimer von eRecht24<\/a>, <a href=\"http:\/\/www.google.com\/intl\/de_ALL\/analytics\/tos.html\" target=\"_blank\">Datenschutzerkl\u00e4rung Google Analytics<\/a>, <a href=\"http:\/\/www.google.com\/intl\/de\/+\/policy\/+1button.html\" target=\"_blank\">Datenschutzerkl\u00e4rung Google +1<\/a>, <a href=\"http:\/\/twitter.com\/privacy\" target=\"_blank\">Datenschutzerkl\u00e4rung Twitter<\/a><\/em><\/p>\n<p>&nbsp;<\/p>\n<blockquote>\n<blockquote>\n<div>\n<h1>Gewinnspiele<\/h1>\n<\/div>\n<p align=\"left\">Teilnahmebedingungen f\u00fcr Gewinnspiele<\/p>\n<p>Das Internet-Angebot von Kinderoutdoor.de wird von Kinderoutdoor.de mit Sitz in Neu-Ulm betrieben.<\/p>\n<p>Die Teilnahme an Online-Gewinnspielen auf dem Infoportal Portal Kinderoutdoor.de und die Durchf\u00fchrung richtet sich nach den folgenden Bestimmungen. Online-Gewinnspiele sind solche, bei denen eine Teilnahme ausschlie\u00dflich online erfolgen kann.<\/p>\n<p>\u00a7 1 Gewinnspiel<br \/>\n(1) Die Gewinnspiele werden von der Kinderoutdoor.de in Kooperation mit verschiedenen Partnern (Kooperationspartnern) durchgef\u00fchrt.<\/p>\n<p>(2) Ein Teilnehmer nimmt am Gewinnspiel teil, indem er sich auf Computerbild.de registriert hat und die im jeweiligen Gewinnspiel-Konzept aufgef\u00fchrten Aufgaben l\u00f6st bzw. Bedingungen der Teilnahme erf\u00fcllt. Die Teilnahme hat innerhalb der im Gewinnspiel genannten Frist zu erfolgen. Der Teilnehmer ist f\u00fcr die Richtigkeit insbesondere seiner E-Mail- und\/ oder Postadresse selbst verantwortlich. Zur \u00dcberpr\u00fcfung der Fristwahrung dient der elektronisch protokollierte Eingang der E-Mail bei kinderoutdoor.de<\/p>\n<p>\u00a7 2 Teilnehmer<br \/>\n(1) Teilnahmeberechtigt sind Personen ab dem 18. Lebensjahr.<\/p>\n<p>(2) Zur Teilnahme am Gewinnspiel ist unbedingt erforderlich, dass s\u00e4mtliche Personenangaben der Wahrheit entsprechen. Andernfalls kann ein Ausschluss gem\u00e4\u00df \u00a7 3 (4) erfolgen.<\/p>\n<p>\u00a7 3 Ausschluss vom Gewinnspiel<br \/>\n(1) Mitarbeiter von Kinderoutdoor.de, den beteiligten Kooperationspartnern sowie jeweils deren Angeh\u00f6rige sind von der Teilnahme ausgeschlossen.<\/p>\n<p>(2) Bei einem Versto\u00df gegen diese Teilnahmebedingungen beh\u00e4lt sich Kinderoutdoor.de das Recht vor, Personen vom Gewinnspiel auszuschlie\u00dfen.<\/p>\n<p>(3) Ausgeschlossen werden auch Personen, die sich unerlaubter Hilfsmittel bedienen oder sich anderweitig durch Manipulation Vorteile verschaffen. Gegebenenfalls k\u00f6nnen in diesen F\u00e4llen auch nachtr\u00e4glich Gewinne aberkannt und zur\u00fcckgefordert werden.<\/p>\n<p>(4) Ausgeschlossen wird auch, wer unwahre Personenangaben macht.<\/p>\n<p>(5) Ausgeschlossen werden k\u00f6nnen des Weiteren Personen, die au\u00dferhalb der Bundesrepublik Deutschland, der Schweiz oder \u00d6sterreich leben.<\/p>\n<p>\u00a7 4 Durchf\u00fchrung und Abwicklung<br \/>\n(1) Die Gewinner werden von Kinderoutdoor.de per Email benachrichtigt und k\u00f6nnen auf dem\u00a0 Portal Kinderoutdoor.de\u00a0 mit Vornamen und Wohnort ver\u00f6ffentlicht werden. Mit dieser Form der Ver\u00f6ffentlichung erkl\u00e4rt sich der Gewinner ausdr\u00fccklich einverstanden. Kinderoutdoor ist berechtigt, die Daten des Gewinners an die Kooperationspartner zu \u00fcbermitteln, um so die Auslieferung des Gewinns zu erm\u00f6glichen. Meldet sich der Gewinner nicht innerhalb von vier Wochen mit seiner kompletten postalischen Anschrift nach dem Absenden der Benachrichtigung, so verf\u00e4llt der Anspruch auf den Gewinn und es wird per Los ein neuer Gewinner ermittelt. Der Anspruch auf den Gewinn verf\u00e4llt ebenfalls, wenn die \u00dcbermittlung des Gewinns nicht innerhalb von 6 Monaten nach der ersten Benachrichtigung \u00fcber den Gewinn aus Gr\u00fcnden, die in der Person des Gewinners liegen, erfolgen kann.<\/p>\n<p>(2) Der im Rahmen des Gewinnspiels als Preis pr\u00e4sentierte Gegenstand ist nicht zwingend mit dem gewonnenen Gegenstand identisch. Vielmehr k\u00f6nnen Abweichungen hinsichtlich Modell, Farbe o. \u00e4. bestehen. Der Preissponsor kann einen dem als Preis pr\u00e4sentierten Gegenstand gleichwertigen Gegenstand mittlerer Art und G\u00fcte ausw\u00e4hlen.<\/p>\n<p>(3) Die Sachpreisewerden von Kinderoutdoor oder vom Sponsor oder einem von\u00a0 Kinderoutdoor oder vom Sponsor beauftragten Dritten per Spedition, Paketdienst oder Post an die vom Gewinner anzugebende Postadresse versendet.<br \/>\nDie Lieferung erfolgt nur innerhalb der Bundesrepublik Deutschland, \u00d6sterreich und Schweiz. Geliefert wird frei Haus.<\/p>\n<p>F\u00fcr den Fall, dass die Lieferung \u00fcber eine Spedition erfolgt, wird sich die Spedition mit dem Gewinner in Verbindung setzen, um einen Liefertermin zu vereinbaren. Die Anlieferung erfolgt in der Regel montags bis freitags zwischen 8.00 und 18.00 Uhr. Der Gewinner hat die M\u00f6glichkeit, eine Ersatzadresse in seiner unmittelbaren Umgebung anzugeben, an welche der Gewinn bei seiner Abwesenheit geliefert werden kann. Trifft die Spedition weder unter der Adresse des Gewinners noch unter der Ersatzadresse jemanden an, wird eine Nachricht hinterlassen. Der Gewinner hat die Kosten einer erneuten Anlieferung selbst zu tragen.<\/p>\n<p>(4) Ist die \u00dcbermittlung des Gewinnes nicht oder nur unter unzumutbaren Umst\u00e4nden m\u00f6glich, so erh\u00e4lt der Gewinner einen gleichwertigen Ersatz.<br \/>\nEbenfalls erh\u00e4lt der Gewinner einen gleichwertigen Ersatz, wenn der urspr\u00fcngliche Gewinn in der pr\u00e4sentierten Ausf\u00fchrung nicht mehr lieferbar ist (Modellwechsel, Saisonware etc.).<\/p>\n<p>(5) Eine Barauszahlung der Gewinne oder eines etwaigen Gewinnersatzes ist in keinem Falle m\u00f6glich.<\/p>\n<p>(6) Der Anspruch auf den Gewinn oder Gewinnersatz kann nicht abgetreten werden.<\/p>\n<p>(7) Beschwerden, die sich auf die Durchf\u00fchrung des Gewinnspiels beziehen, sind unter Angabe des Gewinnspiels innerhalb von 14 Tagen nach Bekanntwerden des Grundes schriftlich an die Kinderoutdoor.de zu richten. Fernm\u00fcndlich mitgeteilte oder versp\u00e4tete Beschwerden werden nicht bearbeitet.<\/p>\n<p>\u00a7 5 Vorzeitige Beendigung des Gewinnspiels<br \/>\nKinderoutdoor.de beh\u00e4lt sich vor, das Gewinnspiel zu jedem Zeitpunkt ohne Vorank\u00fcndigung und ohne Angabe von Gr\u00fcnden abzubrechen oder zu beenden. Von dieser M\u00f6glichkeit macht Kinderoutdoor.de insbesondere dann Gebrauch, wenn aus technischen Gr\u00fcnden (z. B. Viren im Computersystem, Manipulation oder Fehler in der Hard- und\/ oder Software) oder aus rechtlichen Gr\u00fcnden eine ordnungsgem\u00e4\u00dfe Durchf\u00fchrung des Spiels nicht gew\u00e4hrleistet werden kann. Sofern eine derartige Beendigung durch das Verhalten eines Teilnehmers verursacht wird, kann Kinderoutdoor.de von dieser Person den entstandenen Schaden ersetzt verlangen.<\/p>\n<p>\u00a7 6 Datenschutz<br \/>\nKinderoutdoor.de speichert keine Daten und gibt diese nicht an Dritte weiter. Eine Ausnahme ist, wenn es um die Zusendung der Preise durch Kooperationspartner erfolgt.<\/p>\n<p>\u00a7 7 Haftung<br \/>\n(1) Kinderoutdoor.de wird mit der Aush\u00e4ndigung des Gewinns von allen Verpflichtungen frei, sofern sich nicht aus diesen Regelungen schon ein fr\u00fcherer Zeitpunkt ergibt.<\/p>\n<p>(2) F\u00fcr Sach- und\/ oder Rechtsm\u00e4ngel an den vom Partner gestifteten Gewinnen haftet Kinderoutdoor nicht.<\/p>\n<p>(3) Kinderoutdoor.de haftet nicht f\u00fcr die Insolvenz eines Partners sowie die sich hieraus f\u00fcr die Durchf\u00fchrung des Gewinnspiels ergebenden Folgen.<\/p>\n<p>(4) Kinderoutdoor.de haftet nur f\u00fcr Sch\u00e4den, welche von der Kinderoutdoor.de oder einem seiner Erf\u00fcllungsgehilfen vors\u00e4tzlich oder grob fahrl\u00e4ssig oder durch die fahrl\u00e4ssige Verletzung von Pflichten, die f\u00fcr die Erreichung des Vertragszwecks von wesentlicher Bedeutung sind, verursacht wurde. Diese Beschr\u00e4nkungen gelten nicht f\u00fcr Sch\u00e4den durch die Verletzung von Leben, K\u00f6rper und\/ oder Gesundheit oder f\u00fcr eine Haftung nach dem Produkthaftungsgesetz.\u00a0 Voranstehende Haftungsbeschr\u00e4nkungen gelten insbesondere auch f\u00fcr Sch\u00e4den, die durch Fehler, Verz\u00f6gerungen oder Unterbrechungen in der \u00dcbermittlung, bei St\u00f6rungen der technischen Anlagen und des Services, unrichtige Inhalte, Verlust oder L\u00f6schung von Daten oder Viren verursacht wurden.<\/p>\n<p><strong>Newsletter abbestellen<\/strong><\/p>\n<p>Um unser Kinderoutdoor.de- Newsletterabo abzubestellen ist es notwendig, auf den Unsubscribe-Link zu klicken, der sich am Ende dem zuletzt zugeschickten Newsletter befindet. \u00d6ffnen Sie dazu bitte den letzten Ihnen zugemailten Newsletter, \u00a0und scrollen Sie bis zu dessen Ende. Dort steht \u00a0die &#8220;Unsubscribe-Infornation&#8221;. Klicken Sie bitte auf diesenUnsubscribe-Link. Kurz darauf erscheint unsere \u00a0Webseite , und dort erhalten Sie eine Abmeldebest\u00e4tigung. Voila!<\/p><\/blockquote>\n<p><strong>Wir sind zur Teilnahme an einem Streitbeilegungsverfahren vor einer Verbraucherschlichtungsstelle weder verpflichtet noch bereit.<\/strong><\/p><\/blockquote>\n","protected":false},"excerpt":{"rendered":"<p>Angaben gem\u00e4\u00df \u00a7 5 TMG: Ulrich Wittmann Kinderoutdoor Eberhardtstr. 26 \/ 4 89073 Ulm Kontakt: Telefon: E-Mail: Umsatzsteuer-ID: Umsatzsteuer-Identifikationsnummer gem\u00e4\u00df \u00a727 a Umsatzsteuergesetz: DE 215332941 Verantwortlich f\u00fcr den Inhalt nach \u00a7 55 Abs. 2 RStV: Ulrich Wittmann, Eberhardtstr. 26\/4, 89073 Ulm Quelle: Erstellt mit dem Impressum-Generator Einzelunternehmer von eRecht24. Haftungsausschluss: Haftung f\u00fcr Inhalte Die Inhalte [&hellip;]<\/p>\n","protected":false},"author":1,"featured_media":13,"parent":0,"menu_order":2,"comment_status":"open","ping_status":"open","template":"","meta":{"footnotes":""},"class_list":["post-10","page","type-page","status-publish","has-post-thumbnail","hentry"],"_links":{"self":[{"href":"https:\/\/kinderoutdoor.de\/ktt\/wp-json\/wp\/v2\/pages\/10","targetHints":{"allow":["GET"]}}],"collection":[{"href":"https:\/\/kinderoutdoor.de\/ktt\/wp-json\/wp\/v2\/pages"}],"about":[{"href":"https:\/\/kinderoutdoor.de\/ktt\/wp-json\/wp\/v2\/types\/page"}],"author":[{"embeddable":true,"href":"https:\/\/kinderoutdoor.de\/ktt\/wp-json\/wp\/v2\/users\/1"}],"replies":[{"embeddable":true,"href":"https:\/\/kinderoutdoor.de\/ktt\/wp-json\/wp\/v2\/comments?post=10"}],"version-history":[{"count":6,"href":"https:\/\/kinderoutdoor.de\/ktt\/wp-json\/wp\/v2\/pages\/10\/revisions"}],"predecessor-version":[{"id":526,"href":"https:\/\/kinderoutdoor.de\/ktt\/wp-json\/wp\/v2\/pages\/10\/revisions\/526"}],"wp:featuredmedia":[{"embeddable":true,"href":"https:\/\/kinderoutdoor.de\/ktt\/wp-json\/wp\/v2\/media\/13"}],"wp:attachment":[{"href":"https:\/\/kinderoutdoor.de\/ktt\/wp-json\/wp\/v2\/media?parent=10"}],"curies":[{"name":"wp","href":"https:\/\/api.w.org\/{rel}","templated":true}]}}