{"id":98,"date":"2024-04-02T23:26:36","date_gmt":"2024-04-02T21:26:36","guid":{"rendered":"https:\/\/kinderoutdoor.de\/angebote\/?post_type=product&#038;p=98"},"modified":"2024-04-23T23:55:57","modified_gmt":"2024-04-23T21:55:57","slug":"unser-outdoor-bastelbuch","status":"publish","type":"product","link":"https:\/\/kinderoutdoor.de\/angebote\/produkt\/unser-outdoor-bastelbuch\/","title":{"rendered":"Unser Outdoor-Bastelbuch"},"content":{"rendered":"<p><strong>Uli Wittmann, der Macher von Kinderoutdoor.de, hat dieses Buch mit 67 Outdoor-Bastelideen geschrieben. Alles selbst ausprobiert und garantiert ohne gekaufte Fotos. Mit tollen Ideen f\u00fcr alle die gerne drau\u00dfen unterwegs sind oder mit Naturmaterialien basteln.<\/strong><\/p>\n<p>Ob beim Wandern, im Urlaub oder auf der Bergh\u00fctte: Kinder k\u00f6nnen \u00fcberall basteln! F\u00fcr die Outdoor-Basteleien brauchen die Kleinen keinen Kleber, Schere oder ausgefallene Materialien. Das Meiste findet sich in der Natur. Alles weitere l\u00e4sst sich in einer Jackentasche oder einem kleinen Rucksack transportieren.<\/p>\n<p>Mithilfe der Schritt-f\u00fcr-Schritt-Anleitungen und Fotos basteln die Kinder Klassiker wie Kastanientiere, Praktisches wie einen B\u00fcchsengrill oder L\u00f6ffel und Gabel, aber auch Wundervolles zum Verschenken wie einen Korb aus Birkenrinde. In wenigen Minuten und mit wenig Aufwand lassen sich die Bastelvorschl\u00e4ge umsetzen. Auch fast schon vergessene Spielzeuge wie der Zitterwagen sind dabei.<\/p>\n<p>Gew\u00fcrzt mit Anekdoten und Expertenwissen bindet das Buch von der ersten bis zur letzten Seite an sich.<\/p>\n<ul>\n<li><span class=\"a-list-item\"><span class=\"a-text-bold\">Broschiert :\u00a0<\/span>160 Seiten<\/span><\/li>\n<li><span class=\"a-list-item\"><span class=\"a-text-bold\">ISBN-10 :\u00a0<\/span>3734318149<\/span><\/li>\n<\/ul>\n","protected":false},"excerpt":{"rendered":"<p>Uli Wittmann, der Macher von Kinderoutdoor.de, hat dieses Buch mit 67 Outdoor-Bastelideen geschrieben. Alles selbst ausprobiert und garantiert ohne gekaufte Fotos. Mit tollen Ideen f\u00fcr alle die gerne drau\u00dfen unterwegs sind oder mit Naturmaterialien basteln. Ob beim Wandern, im Urlaub oder auf der Bergh\u00fctte: Kinder k\u00f6nnen \u00fcberall basteln! F\u00fcr die Outdoor-Basteleien brauchen die Kleinen keinen [&hellip;]<\/p>\n","protected":false},"featured_media":99,"template":"","meta":[],"product_brand":[],"product_cat":[28],"product_tag":[],"class_list":{"0":"post-98","1":"product","2":"type-product","3":"status-publish","4":"has-post-thumbnail","6":"product_cat-buecher","8":"first","9":"instock","10":"taxable","11":"shipping-taxable","12":"product-type-external"},"_links":{"self":[{"href":"https:\/\/kinderoutdoor.de\/angebote\/wp-json\/wp\/v2\/product\/98","targetHints":{"allow":["GET"]}}],"collection":[{"href":"https:\/\/kinderoutdoor.de\/angebote\/wp-json\/wp\/v2\/product"}],"about":[{"href":"https:\/\/kinderoutdoor.de\/angebote\/wp-json\/wp\/v2\/types\/product"}],"wp:featuredmedia":[{"embeddable":true,"href":"https:\/\/kinderoutdoor.de\/angebote\/wp-json\/wp\/v2\/media\/99"}],"wp:attachment":[{"href":"https:\/\/kinderoutdoor.de\/angebote\/wp-json\/wp\/v2\/media?parent=98"}],"wp:term":[{"taxonomy":"product_brand","embeddable":true,"href":"https:\/\/kinderoutdoor.de\/angebote\/wp-json\/wp\/v2\/product_brand?post=98"},{"taxonomy":"product_cat","embeddable":true,"href":"https:\/\/kinderoutdoor.de\/angebote\/wp-json\/wp\/v2\/product_cat?post=98"},{"taxonomy":"product_tag","embeddable":true,"href":"https:\/\/kinderoutdoor.de\/angebote\/wp-json\/wp\/v2\/product_tag?post=98"}],"curies":[{"name":"wp","href":"https:\/\/api.w.org\/{rel}","templated":true}]}}