{"id":293,"date":"2025-03-25T19:05:36","date_gmt":"2025-03-25T18:05:36","guid":{"rendered":"https:\/\/kinderoutdoor.de\/angebote\/?post_type=product&#038;p=293"},"modified":"2025-03-25T19:20:33","modified_gmt":"2025-03-25T18:20:33","slug":"mtb-kindersitz-leihen","status":"publish","type":"product","link":"https:\/\/kinderoutdoor.de\/angebote\/produkt\/mtb-kindersitz-leihen\/","title":{"rendered":"MTB-Kindersitz leihen"},"content":{"rendered":"<ul>\n<li>Mietpreis pro Woche, inklusive Hin- <em>und<\/em> R\u00fcckversand<\/li>\n<li>Gib einfach an, wie viele Wochen du das Zelt brauchst<\/li>\n<li><a href=\"https:\/\/kinderoutdoor.de\/ktt\/kontakt\/\">Stelle mir gerne deine Fragen<\/a><\/li>\n<\/ul>\n<h2>Kids Ride Shotgun und die Kinder biken mit!<\/h2>\n<p><strong>Die Kindersitze von Kids Ride Shotgun lassen sich in weniger als f\u00fcnf Minuten auf regul\u00e4re, analoge MTB-Rahmen montieren. Schon k\u00f6nnen die kleinen Shredder mitradeln.<\/strong><\/p>\n<p>Zu unserer Combo geh\u00f6ren neben dem Sitz, Fu\u00dfst\u00fctzen und auch der Lenker. Damit k\u00f6nnen die Kleinen \u201emitsteuern\u201c.<\/p>\n<p>Geeignet ist der Kindersitz f\u00fcr Kinder von zwei bis f\u00fcnf Jahren und einem Gewicht bis 22 Kg. Tausendfach hat sich die Kids Ride Shotgun bew\u00e4hrt.<\/p>\n<p>&nbsp;<\/p>\n<p><iframe loading=\"lazy\" title=\"Kids Ride Shotgun - Our Mission\" width=\"980\" height=\"551\" src=\"https:\/\/www.youtube.com\/embed\/sFsh92e0810?feature=oembed\" frameborder=\"0\" allow=\"accelerometer; autoplay; clipboard-write; encrypted-media; gyroscope; picture-in-picture; web-share\" referrerpolicy=\"strict-origin-when-cross-origin\" allowfullscreen><\/iframe><\/p>\n","protected":false},"excerpt":{"rendered":"<p>Mietpreis pro Woche, inklusive Hin- und R\u00fcckversand Gib einfach an, wie viele Wochen du das Zelt brauchst Stelle mir gerne deine Fragen Kids Ride Shotgun und die Kinder biken mit! Die Kindersitze von Kids Ride Shotgun lassen sich in weniger als f\u00fcnf Minuten auf regul\u00e4re, analoge MTB-Rahmen montieren. Schon k\u00f6nnen die kleinen Shredder mitradeln. Zu [&hellip;]<\/p>\n","protected":false},"featured_media":294,"template":"","meta":[],"product_brand":[],"product_cat":[25],"product_tag":[],"class_list":{"0":"post-293","1":"product","2":"type-product","3":"status-publish","4":"has-post-thumbnail","6":"product_cat-leihgeraete","8":"first","9":"instock","10":"taxable","11":"shipping-taxable","12":"purchasable","13":"product-type-simple"},"_links":{"self":[{"href":"https:\/\/kinderoutdoor.de\/angebote\/wp-json\/wp\/v2\/product\/293","targetHints":{"allow":["GET"]}}],"collection":[{"href":"https:\/\/kinderoutdoor.de\/angebote\/wp-json\/wp\/v2\/product"}],"about":[{"href":"https:\/\/kinderoutdoor.de\/angebote\/wp-json\/wp\/v2\/types\/product"}],"wp:featuredmedia":[{"embeddable":true,"href":"https:\/\/kinderoutdoor.de\/angebote\/wp-json\/wp\/v2\/media\/294"}],"wp:attachment":[{"href":"https:\/\/kinderoutdoor.de\/angebote\/wp-json\/wp\/v2\/media?parent=293"}],"wp:term":[{"taxonomy":"product_brand","embeddable":true,"href":"https:\/\/kinderoutdoor.de\/angebote\/wp-json\/wp\/v2\/product_brand?post=293"},{"taxonomy":"product_cat","embeddable":true,"href":"https:\/\/kinderoutdoor.de\/angebote\/wp-json\/wp\/v2\/product_cat?post=293"},{"taxonomy":"product_tag","embeddable":true,"href":"https:\/\/kinderoutdoor.de\/angebote\/wp-json\/wp\/v2\/product_tag?post=293"}],"curies":[{"name":"wp","href":"https:\/\/api.w.org\/{rel}","templated":true}]}}