{"id":278,"date":"2025-03-25T18:43:09","date_gmt":"2025-03-25T17:43:09","guid":{"rendered":"https:\/\/kinderoutdoor.de\/angebote\/?post_type=product&#038;p=278"},"modified":"2025-03-25T19:20:48","modified_gmt":"2025-03-25T18:20:48","slug":"familienzelt-leihen","status":"publish","type":"product","link":"https:\/\/kinderoutdoor.de\/angebote\/produkt\/familienzelt-leihen\/","title":{"rendered":"Familienzelt leihen"},"content":{"rendered":"<ul>\n<li>Mietpreis pro Woche, inklusive Hin- <em>und<\/em> R\u00fcckversand<\/li>\n<li>Gib einfach an, wie viele Wochen du das Zelt brauchst<\/li>\n<li><a href=\"https:\/\/kinderoutdoor.de\/ktt\/kontakt\/\">Stelle mir gerne deine Fragen<\/a><\/li>\n<\/ul>\n<h2>Marmot Limestone 6 P &#8211; das ultimative Familienzelt!<\/h2>\n<p><strong>Wer ein Zelt sucht, in dem man gut stehen kann und das ger\u00e4umig ist, sollte sich in das Marmot Limestone 6 P legen. F\u00fcr zwei Erwachsene und zwei Kinder bietet dieses Zelt ausreichend Platz.<\/strong><\/p>\n<p>Hier sind einige Punkte, die das Marmot Limestone 6 P so interessant machen:<\/p>\n<ul>\n<li>Es ist, dankt seiner farblich codierten Schnellmontage-Clips in kurzer Zeit aufgebaut.<\/li>\n<li>Das Gest\u00e4nge ist teilweise vorgezogen, so ist die Nutzfl\u00e4che vom Zelt optimal ausgenutzt.<\/li>\n<li>Die Konstruktion ist freistehend.<\/li>\n<li>In den beiden Vorzelten l\u00e4sst sich Material gut verstauen.<\/li>\n<li>Seitlich befinden sich zwei gro\u00dfz\u00fcgig geschnittene Ein- und Ausstiege.<\/li>\n<li>Im Inneren sind Taschen, um Handys, Brillen, Taschenlampen zu verstauen.<\/li>\n<li>Eine Art Lampenschirm befindet sich an der Decke und von dort aus kann eine Stirnlampe das Zelt beleuchten.<\/li>\n<li>Mit 7,4 Kg ist das Marmot Limestone f\u00fcr seine Gr\u00f6\u00dfe eher ein Leichtgewicht, ebenso f\u00e4llt das Packma\u00df moderat aus.<\/li>\n<\/ul>\n<p>&nbsp;<\/p>\n<p><iframe loading=\"lazy\" title=\"Kinder Outdoor Test: Familienzelt Marmot Limestone 6 getestet \ud83c\udfd5\" width=\"980\" height=\"551\" src=\"https:\/\/www.youtube.com\/embed\/uaQRx01DbuI?feature=oembed\" frameborder=\"0\" allow=\"accelerometer; autoplay; clipboard-write; encrypted-media; gyroscope; picture-in-picture; web-share\" referrerpolicy=\"strict-origin-when-cross-origin\" allowfullscreen><\/iframe><\/p>\n","protected":false},"excerpt":{"rendered":"<p>Mietpreis pro Woche, inklusive Hin- und R\u00fcckversand Gib einfach an, wie viele Wochen du das Zelt brauchst Stelle mir gerne deine Fragen Marmot Limestone 6 P &#8211; das ultimative Familienzelt! Wer ein Zelt sucht, in dem man gut stehen kann und das ger\u00e4umig ist, sollte sich in das Marmot Limestone 6 P legen. F\u00fcr zwei [&hellip;]<\/p>\n","protected":false},"featured_media":292,"template":"","meta":[],"product_brand":[],"product_cat":[25],"product_tag":[],"class_list":{"0":"post-278","1":"product","2":"type-product","3":"status-publish","4":"has-post-thumbnail","6":"product_cat-leihgeraete","8":"first","9":"instock","10":"taxable","11":"shipping-taxable","12":"purchasable","13":"product-type-simple"},"_links":{"self":[{"href":"https:\/\/kinderoutdoor.de\/angebote\/wp-json\/wp\/v2\/product\/278","targetHints":{"allow":["GET"]}}],"collection":[{"href":"https:\/\/kinderoutdoor.de\/angebote\/wp-json\/wp\/v2\/product"}],"about":[{"href":"https:\/\/kinderoutdoor.de\/angebote\/wp-json\/wp\/v2\/types\/product"}],"wp:featuredmedia":[{"embeddable":true,"href":"https:\/\/kinderoutdoor.de\/angebote\/wp-json\/wp\/v2\/media\/292"}],"wp:attachment":[{"href":"https:\/\/kinderoutdoor.de\/angebote\/wp-json\/wp\/v2\/media?parent=278"}],"wp:term":[{"taxonomy":"product_brand","embeddable":true,"href":"https:\/\/kinderoutdoor.de\/angebote\/wp-json\/wp\/v2\/product_brand?post=278"},{"taxonomy":"product_cat","embeddable":true,"href":"https:\/\/kinderoutdoor.de\/angebote\/wp-json\/wp\/v2\/product_cat?post=278"},{"taxonomy":"product_tag","embeddable":true,"href":"https:\/\/kinderoutdoor.de\/angebote\/wp-json\/wp\/v2\/product_tag?post=278"}],"curies":[{"name":"wp","href":"https:\/\/api.w.org\/{rel}","templated":true}]}}